{"id":93,"date":"2025-05-16T12:24:42","date_gmt":"2025-05-16T12:24:42","guid":{"rendered":"https:\/\/galtesund.no\/?page_id=93"},"modified":"2026-03-04T11:55:57","modified_gmt":"2026-03-04T11:55:57","slug":"galtesund-forlag","status":"publish","type":"page","link":"https:\/\/galtesund.no\/","title":{"rendered":"Uthavnene"},"content":{"rendered":"\n<div class=\"wp-block-group alignfull has-accent-background-color has-background has-global-padding is-content-justification-right is-layout-constrained wp-container-core-group-is-layout-73713a2e wp-block-group-is-layout-constrained\" style=\"min-height:100vh;margin-top:0;margin-bottom:0;padding-top:var(--wp--preset--spacing--50);padding-right:var(--wp--preset--spacing--50);padding-bottom:var(--wp--preset--spacing--50);padding-left:var(--wp--preset--spacing--50)\">\n<div class=\"wp-block-columns alignwide are-vertically-aligned-center is-layout-flex wp-container-core-columns-is-layout-47c06fe3 wp-block-columns-is-layout-flex\">\n<div class=\"wp-block-column is-vertically-aligned-center is-layout-flow wp-block-column-is-layout-flow\" style=\"flex-basis:40%\">\n<div class=\"wp-block-group is-layout-flow wp-container-core-group-is-layout-8f7ed23f wp-block-group-is-layout-flow\" style=\"min-height:100%;margin-top:0;margin-bottom:0;padding-right:0;padding-left:0\">\n<div class=\"wp-block-group has-global-padding is-content-justification-left is-layout-constrained wp-container-core-group-is-layout-0207514c wp-block-group-is-layout-constrained\" style=\"padding-right:0;padding-left:0\">\n<div style=\"height:126px\" aria-hidden=\"true\" class=\"wp-block-spacer\"><\/div>\n\n\n\n<h3 class=\"wp-block-heading\"><strong>UTHAVNENE<\/strong> er et viktig bidrag til kystens kulturhistorie og er et must for alle med hjerte for Trom\u00f8y, Arendal og S\u00f8rlandets maritime arv. <br><br>Boka er innstillt til S\u00f8rlandets litteraturpris for 2025<\/h3>\n\n\n\n<div style=\"height:42px\" aria-hidden=\"true\" class=\"wp-block-spacer\"><\/div>\n\n\n\n<p class=\"wp-container-content-0733e5d0\"><\/p>\n\n\n\n<h1 class=\"wp-block-heading\">kr 480,-<\/h1>\n\n\n\n<p>Pris i bokhandel eller ved lokal henting. Frakt kommer i tillegg ved postforsendelse.<\/p>\n\n\n\n<p><br><strong>Boka v\u00e5r er n\u00e5 utsolgt<\/strong>!<br><br><strong>Vi vurderer \u00e5 trykke flere b\u00f8ker.  Meld din interesse under s\u00e5 tar vi kontakt med informasjon n\u00e5<\/strong>r <strong>nytt opplag planlegges.<\/strong><\/p>\n\n\n\n<div style=\"height:88px\" aria-hidden=\"true\" class=\"wp-block-spacer\"><\/div>\n\n\n\n<h3 class=\"wp-block-heading\">Forh\u00e5ndsbestilling og informasjon<\/h3>\n\n\n\n<p><\/p>\n<\/div>\n<\/div>\n<\/div>\n\n\n\n<div class=\"wp-block-column is-vertically-aligned-top is-layout-flow wp-block-column-is-layout-flow\" style=\"flex-basis:100%\">\n<figure class=\"wp-block-image size-full\"><img fetchpriority=\"high\" decoding=\"async\" width=\"900\" height=\"830\" src=\"https:\/\/galtesund.no\/wp-content\/uploads\/2025\/05\/e751fd37-399b-476a-92da-a18b94a220b1.png\" alt=\"\" class=\"wp-image-103\" srcset=\"https:\/\/galtesund.no\/wp-content\/uploads\/2025\/05\/e751fd37-399b-476a-92da-a18b94a220b1.png 900w, https:\/\/galtesund.no\/wp-content\/uploads\/2025\/05\/e751fd37-399b-476a-92da-a18b94a220b1-300x277.png 300w, https:\/\/galtesund.no\/wp-content\/uploads\/2025\/05\/e751fd37-399b-476a-92da-a18b94a220b1-768x708.png 768w\" sizes=\"(max-width: 900px) 100vw, 900px\" \/><\/figure>\n<\/div>\n<\/div>\n\n\n\n<div class=\"wp-block-group alignwide has-accent-background-color has-background has-global-padding is-layout-constrained wp-container-core-group-is-layout-669513ed wp-block-group-is-layout-constrained\" style=\"min-height:100vh;margin-top:0;margin-bottom:0;padding-top:var(--wp--preset--spacing--50);padding-right:var(--wp--preset--spacing--50);padding-bottom:var(--wp--preset--spacing--50);padding-left:var(--wp--preset--spacing--50)\">\n<div class=\"wp-block-columns alignfull is-layout-flex wp-container-core-columns-is-layout-47c06fe3 wp-block-columns-is-layout-flex\">\n<div class=\"wp-block-column is-vertically-aligned-center is-layout-flow wp-block-column-is-layout-flow\" style=\"flex-basis:100%\">\n<div class=\"wp-block-group is-layout-flow wp-container-core-group-is-layout-8f7ed23f wp-block-group-is-layout-flow\" style=\"min-height:100%;margin-top:0;margin-bottom:0;padding-right:0;padding-left:0\"><style id=\"wpforms-css-vars-33-block-0b0c2384-4217-4259-be5e-73732f3ead76\">\n\t\t\t\t#wpforms-33.wpforms-block-0b0c2384-4217-4259-be5e-73732f3ead76 {\n\t\t\t\t--wpforms-field-size-input-height: 43px;\n--wpforms-field-size-input-spacing: 15px;\n--wpforms-field-size-font-size: 16px;\n--wpforms-field-size-line-height: 19px;\n--wpforms-field-size-padding-h: 14px;\n--wpforms-field-size-checkbox-size: 16px;\n--wpforms-field-size-sublabel-spacing: 5px;\n--wpforms-field-size-icon-size: 1;\n--wpforms-label-size-font-size: 16px;\n--wpforms-label-size-line-height: 19px;\n--wpforms-label-size-sublabel-font-size: 14px;\n--wpforms-label-size-sublabel-line-height: 17px;\n--wpforms-button-size-font-size: 17px;\n--wpforms-button-size-height: 41px;\n--wpforms-button-size-padding-h: 15px;\n--wpforms-button-size-margin-top: 10px;\n\t\t\t}\n\t\t\t<\/style><div class=\"wpforms-container wpforms-container-full wpforms-block wpforms-block-0b0c2384-4217-4259-be5e-73732f3ead76 wpforms-render-modern\" id=\"wpforms-33\"><form id=\"wpforms-form-33\" class=\"wpforms-validate wpforms-form wpforms-ajax-form\" data-formid=\"33\" method=\"post\" enctype=\"multipart\/form-data\" action=\"\/index.php\/wp-json\/wp\/v2\/pages\/93\" data-token=\"5ddfb0ace217a98df9ae6ac73c7dd6bd\" data-token-time=\"1776420604\"><noscript class=\"wpforms-error-noscript\">Please enable JavaScript in your browser to complete this form.<\/noscript><div id=\"wpforms-error-noscript\" style=\"display: none;\">Please enable JavaScript in your browser to complete this form.<\/div><div class=\"wpforms-field-container\"><div id=\"wpforms-33-field_1-container\" class=\"wpforms-field wpforms-field-name\" data-field-id=\"1\"><label class=\"wpforms-field-label\" for=\"wpforms-33-field_1\">Navn <span class=\"wpforms-required-label\" aria-hidden=\"true\">*<\/span><\/label><input type=\"text\" id=\"wpforms-33-field_1\" class=\"wpforms-field-medium wpforms-field-required\" name=\"wpforms[fields][1]\" aria-errormessage=\"wpforms-33-field_1-error\" required><\/div><div id=\"wpforms-33-field_2-container\" class=\"wpforms-field wpforms-field-email\" data-field-id=\"2\"><label class=\"wpforms-field-label\" for=\"wpforms-33-field_2\">E-postadresse <span class=\"wpforms-required-label\" aria-hidden=\"true\">*<\/span><\/label><input type=\"email\" id=\"wpforms-33-field_2\" class=\"wpforms-field-medium wpforms-field-required\" name=\"wpforms[fields][2]\" spellcheck=\"false\" aria-errormessage=\"wpforms-33-field_2-error\" required><\/div><div id=\"wpforms-33-field_5-container\" class=\"wpforms-field wpforms-field-text\" data-field-id=\"5\"><label class=\"wpforms-field-label\" for=\"wpforms-33-field_5\">Telefonnummer <span class=\"wpforms-required-label\" aria-hidden=\"true\">*<\/span><\/label><input type=\"text\" id=\"wpforms-33-field_5\" class=\"wpforms-field-medium wpforms-field-required wpforms-limit-characters-enabled\" data-form-id=\"33\" data-field-id=\"5\" data-text-limit=\"12\" name=\"wpforms[fields][5]\" aria-errormessage=\"wpforms-33-field_5-error\" maxlength=\"12\" required><\/div>\t\t<div id=\"wpforms-33-field_7-container\"\n\t\t\tclass=\"wpforms-field wpforms-field-text\"\n\t\t\tdata-field-type=\"text\"\n\t\t\tdata-field-id=\"7\"\n\t\t\t>\n\t\t\t<label class=\"wpforms-field-label\" for=\"wpforms-33-field_7\" >Forh\u00e5ndsbestille? Send oss<\/label>\n\t\t\t<input type=\"text\" id=\"wpforms-33-field_7\" class=\"wpforms-field-medium\" name=\"wpforms[fields][7]\" >\n\t\t<\/div>\n\t\t<div id=\"wpforms-33-field_4-container\" class=\"wpforms-field wpforms-field-radio\" data-field-id=\"4\"><fieldset><legend class=\"wpforms-field-label\">Forh\u00e5ndsbestille?<\/legend><ul id=\"wpforms-33-field_4\"><li class=\"choice-1 depth-1\"><input type=\"radio\" id=\"wpforms-33-field_4_1\" name=\"wpforms[fields][4]\" value=\"Ja\" aria-errormessage=\"wpforms-33-field_4_1-error\"  ><label class=\"wpforms-field-label-inline\" for=\"wpforms-33-field_4_1\">Ja<\/label><\/li><li class=\"choice-2 depth-1\"><input type=\"radio\" id=\"wpforms-33-field_4_2\" name=\"wpforms[fields][4]\" value=\"Nei\" aria-errormessage=\"wpforms-33-field_4_2-error\"  ><label class=\"wpforms-field-label-inline\" for=\"wpforms-33-field_4_2\">Nei<\/label><\/li><\/ul><\/fieldset><\/div><div id=\"wpforms-33-field_6-container\" class=\"wpforms-field wpforms-field-number-slider\" data-field-id=\"6\"><label class=\"wpforms-field-label\" for=\"wpforms-33-field_6\">Antall b\u00f8ker<\/label>\n<input\n\ttype=\"range\"\n\tid=\"wpforms-33-field_6\" class=\"wpforms-field-medium\" name=\"wpforms[fields][6]\" value=\"1\" aria-errormessage=\"wpforms-33-field_6-error\"\t\tmin=\"0\"\n\tmax=\"4\"\n\tstep=\"1\">\n\n<div class=\"wpforms-field-number-slider-hint\"\n\tdata-hint=\"Selected Value: {value}\">\n\tSelected Value: <b>1<\/b><\/div>\n<\/div><div id=\"wpforms-33-field_3-container\" class=\"wpforms-field wpforms-field-textarea\" data-field-id=\"3\"><label class=\"wpforms-field-label\" for=\"wpforms-33-field_3\">Send oss en melding eller et sp\u00f8rsm\u00e5l:<\/label><textarea id=\"wpforms-33-field_3\" class=\"wpforms-field-medium\" name=\"wpforms[fields][3]\" aria-errormessage=\"wpforms-33-field_3-error\" ><\/textarea><\/div><script>\n\t\t\t\t( function() {\n\t\t\t\t\tconst style = document.createElement( 'style' );\n\t\t\t\t\tstyle.appendChild( document.createTextNode( '#wpforms-33-field_7-container { position: absolute !important; overflow: hidden !important; display: inline !important; height: 1px !important; width: 1px !important; z-index: -1000 !important; padding: 0 !important; } #wpforms-33-field_7-container input { visibility: hidden; } #wpforms-conversational-form-page #wpforms-33-field_7-container label { counter-increment: none; }' ) );\n\t\t\t\t\tdocument.head.appendChild( style );\n\t\t\t\t\tdocument.currentScript?.remove();\n\t\t\t\t} )();\n\t\t\t<\/script><\/div><!-- .wpforms-field-container --><div class=\"wpforms-submit-container\" ><input type=\"hidden\" name=\"wpforms[id]\" value=\"33\"><input type=\"hidden\" name=\"page_title\" value=\"\"><input type=\"hidden\" name=\"page_url\" value=\"https:\/\/galtesund.no\/index.php\/wp-json\/wp\/v2\/pages\/93\"><input type=\"hidden\" name=\"url_referer\" value=\"\"><button type=\"submit\" name=\"wpforms[submit]\" id=\"wpforms-submit-33\" class=\"wpforms-submit\" data-alt-text=\"Sender..\" data-submit-text=\"Send inn\" aria-live=\"assertive\" value=\"wpforms-submit\">Send inn<\/button><img decoding=\"async\" src=\"https:\/\/galtesund.no\/wp-content\/plugins\/wpforms-lite\/assets\/images\/submit-spin.svg\" class=\"wpforms-submit-spinner\" style=\"display: none;\" width=\"26\" height=\"26\" alt=\"Loading\"><\/div><\/form><\/div>  <!-- .wpforms-container -->\n\n\n<div class=\"wp-block-group has-global-padding is-content-justification-left is-layout-constrained wp-container-core-group-is-layout-0207514c wp-block-group-is-layout-constrained\" style=\"padding-right:0;padding-left:0\">\n<p><\/p>\n<\/div>\n<\/div>\n<\/div>\n<\/div>\n<\/div>\n<\/div>\n\n\n\n<p><\/p>\n","protected":false},"excerpt":{"rendered":"<p>UTHAVNENE er et viktig bidrag til kystens kulturhistorie og er et must for alle med hjerte for Trom\u00f8y, Arendal og S\u00f8rlandets maritime arv. Boka er innstillt til S\u00f8rlandets litteraturpris for 2025 kr 480,- Pris i bokhandel eller ved lokal henting. Frakt kommer i tillegg ved postforsendelse. Boka v\u00e5r er n\u00e5 utsolgt! Vi vurderer \u00e5 trykke [&hellip;]<\/p>\n","protected":false},"author":2,"featured_media":0,"parent":0,"menu_order":0,"comment_status":"closed","ping_status":"closed","template":"","meta":{"footnotes":""},"class_list":["post-93","page","type-page","status-publish","hentry"],"yoast_head":"<!-- This site is optimized with the Yoast SEO plugin v24.5 - https:\/\/yoast.com\/wordpress\/plugins\/seo\/ -->\n<title>Galtesund Forlag - Kj\u00f8p boken UTHAVNENE her<\/title>\n<meta name=\"description\" content=\"Boken UTHAVNENE er et viktig bidrag til kystens kulturhistorie og er for alle med hjerte for Trom\u00f8y, Arendal og S\u00f8rlandets maritime arv.\" \/>\n<meta name=\"robots\" content=\"index, follow, max-snippet:-1, max-image-preview:large, max-video-preview:-1\" \/>\n<link rel=\"canonical\" href=\"https:\/\/galtesund.no\/\" \/>\n<meta property=\"og:locale\" content=\"nb_NO\" \/>\n<meta property=\"og:type\" content=\"article\" \/>\n<meta property=\"og:title\" content=\"Galtesund Forlag - Kj\u00f8p boken UTHAVNENE her\" \/>\n<meta property=\"og:description\" content=\"Boken UTHAVNENE er et viktig bidrag til kystens kulturhistorie og er for alle med hjerte for Trom\u00f8y, Arendal og S\u00f8rlandets maritime arv.\" \/>\n<meta property=\"og:url\" content=\"https:\/\/galtesund.no\/\" \/>\n<meta property=\"article:modified_time\" content=\"2026-03-04T11:55:57+00:00\" \/>\n<meta property=\"og:image\" content=\"https:\/\/galtesund.no\/wp-content\/uploads\/2025\/05\/e751fd37-399b-476a-92da-a18b94a220b1.png\" \/>\n\t<meta property=\"og:image:width\" content=\"900\" \/>\n\t<meta property=\"og:image:height\" content=\"830\" \/>\n\t<meta property=\"og:image:type\" content=\"image\/png\" \/>\n<meta name=\"twitter:card\" content=\"summary_large_image\" \/>\n<meta name=\"twitter:label1\" content=\"Ansl. lesetid\" \/>\n\t<meta name=\"twitter:data1\" content=\"1 minutt\" \/>\n<script type=\"application\/ld+json\" class=\"yoast-schema-graph\">{\"@context\":\"https:\/\/schema.org\",\"@graph\":[{\"@type\":\"WebPage\",\"@id\":\"https:\/\/galtesund.no\/\",\"url\":\"https:\/\/galtesund.no\/\",\"name\":\"Galtesund Forlag - Kj\u00f8p boken UTHAVNENE her\",\"isPartOf\":{\"@id\":\"https:\/\/galtesund.no\/#website\"},\"primaryImageOfPage\":{\"@id\":\"https:\/\/galtesund.no\/#primaryimage\"},\"image\":{\"@id\":\"https:\/\/galtesund.no\/#primaryimage\"},\"thumbnailUrl\":\"https:\/\/galtesund.no\/wp-content\/uploads\/2025\/05\/e751fd37-399b-476a-92da-a18b94a220b1.png\",\"datePublished\":\"2025-05-16T12:24:42+00:00\",\"dateModified\":\"2026-03-04T11:55:57+00:00\",\"description\":\"Boken UTHAVNENE er et viktig bidrag til kystens kulturhistorie og er for alle med hjerte for Trom\u00f8y, Arendal og S\u00f8rlandets maritime arv.\",\"breadcrumb\":{\"@id\":\"https:\/\/galtesund.no\/#breadcrumb\"},\"inLanguage\":\"nb-NO\",\"potentialAction\":[{\"@type\":\"ReadAction\",\"target\":[\"https:\/\/galtesund.no\/\"]}]},{\"@type\":\"ImageObject\",\"inLanguage\":\"nb-NO\",\"@id\":\"https:\/\/galtesund.no\/#primaryimage\",\"url\":\"https:\/\/galtesund.no\/wp-content\/uploads\/2025\/05\/e751fd37-399b-476a-92da-a18b94a220b1.png\",\"contentUrl\":\"https:\/\/galtesund.no\/wp-content\/uploads\/2025\/05\/e751fd37-399b-476a-92da-a18b94a220b1.png\",\"width\":900,\"height\":830},{\"@type\":\"BreadcrumbList\",\"@id\":\"https:\/\/galtesund.no\/#breadcrumb\",\"itemListElement\":[{\"@type\":\"ListItem\",\"position\":1,\"name\":\"Hjem\",\"item\":\"https:\/\/galtesund.no\/\"},{\"@type\":\"ListItem\",\"position\":2,\"name\":\"Uthavnene\"}]},{\"@type\":\"WebSite\",\"@id\":\"https:\/\/galtesund.no\/#website\",\"url\":\"https:\/\/galtesund.no\/\",\"name\":\"Uthavnene\",\"description\":\"Galtesund Forlag Martin Zeiffert, org. nr. 934 359 003\",\"publisher\":{\"@id\":\"https:\/\/galtesund.no\/#organization\"},\"potentialAction\":[{\"@type\":\"SearchAction\",\"target\":{\"@type\":\"EntryPoint\",\"urlTemplate\":\"https:\/\/galtesund.no\/?s={search_term_string}\"},\"query-input\":{\"@type\":\"PropertyValueSpecification\",\"valueRequired\":true,\"valueName\":\"search_term_string\"}}],\"inLanguage\":\"nb-NO\"},{\"@type\":\"Organization\",\"@id\":\"https:\/\/galtesund.no\/#organization\",\"name\":\"Galtesund forlag\",\"url\":\"https:\/\/galtesund.no\/\",\"logo\":{\"@type\":\"ImageObject\",\"inLanguage\":\"nb-NO\",\"@id\":\"https:\/\/galtesund.no\/#\/schema\/logo\/image\/\",\"url\":\"https:\/\/galtesund.no\/wp-content\/uploads\/2025\/02\/GF-logo-120x220-2-e1740425854377.gif\",\"contentUrl\":\"https:\/\/galtesund.no\/wp-content\/uploads\/2025\/02\/GF-logo-120x220-2-e1740425854377.gif\",\"width\":60,\"height\":110,\"caption\":\"Galtesund forlag\"},\"image\":{\"@id\":\"https:\/\/galtesund.no\/#\/schema\/logo\/image\/\"}}]}<\/script>\n<!-- \/ Yoast SEO plugin. -->","yoast_head_json":{"title":"Galtesund Forlag - Kj\u00f8p boken UTHAVNENE her","description":"Boken UTHAVNENE er et viktig bidrag til kystens kulturhistorie og er for alle med hjerte for Trom\u00f8y, Arendal og S\u00f8rlandets maritime arv.","robots":{"index":"index","follow":"follow","max-snippet":"max-snippet:-1","max-image-preview":"max-image-preview:large","max-video-preview":"max-video-preview:-1"},"canonical":"https:\/\/galtesund.no\/","og_locale":"nb_NO","og_type":"article","og_title":"Galtesund Forlag - Kj\u00f8p boken UTHAVNENE her","og_description":"Boken UTHAVNENE er et viktig bidrag til kystens kulturhistorie og er for alle med hjerte for Trom\u00f8y, Arendal og S\u00f8rlandets maritime arv.","og_url":"https:\/\/galtesund.no\/","article_modified_time":"2026-03-04T11:55:57+00:00","og_image":[{"width":900,"height":830,"url":"https:\/\/galtesund.no\/wp-content\/uploads\/2025\/05\/e751fd37-399b-476a-92da-a18b94a220b1.png","type":"image\/png"}],"twitter_card":"summary_large_image","twitter_misc":{"Ansl. lesetid":"1 minutt"},"schema":{"@context":"https:\/\/schema.org","@graph":[{"@type":"WebPage","@id":"https:\/\/galtesund.no\/","url":"https:\/\/galtesund.no\/","name":"Galtesund Forlag - Kj\u00f8p boken UTHAVNENE her","isPartOf":{"@id":"https:\/\/galtesund.no\/#website"},"primaryImageOfPage":{"@id":"https:\/\/galtesund.no\/#primaryimage"},"image":{"@id":"https:\/\/galtesund.no\/#primaryimage"},"thumbnailUrl":"https:\/\/galtesund.no\/wp-content\/uploads\/2025\/05\/e751fd37-399b-476a-92da-a18b94a220b1.png","datePublished":"2025-05-16T12:24:42+00:00","dateModified":"2026-03-04T11:55:57+00:00","description":"Boken UTHAVNENE er et viktig bidrag til kystens kulturhistorie og er for alle med hjerte for Trom\u00f8y, Arendal og S\u00f8rlandets maritime arv.","breadcrumb":{"@id":"https:\/\/galtesund.no\/#breadcrumb"},"inLanguage":"nb-NO","potentialAction":[{"@type":"ReadAction","target":["https:\/\/galtesund.no\/"]}]},{"@type":"ImageObject","inLanguage":"nb-NO","@id":"https:\/\/galtesund.no\/#primaryimage","url":"https:\/\/galtesund.no\/wp-content\/uploads\/2025\/05\/e751fd37-399b-476a-92da-a18b94a220b1.png","contentUrl":"https:\/\/galtesund.no\/wp-content\/uploads\/2025\/05\/e751fd37-399b-476a-92da-a18b94a220b1.png","width":900,"height":830},{"@type":"BreadcrumbList","@id":"https:\/\/galtesund.no\/#breadcrumb","itemListElement":[{"@type":"ListItem","position":1,"name":"Hjem","item":"https:\/\/galtesund.no\/"},{"@type":"ListItem","position":2,"name":"Uthavnene"}]},{"@type":"WebSite","@id":"https:\/\/galtesund.no\/#website","url":"https:\/\/galtesund.no\/","name":"Uthavnene","description":"Galtesund Forlag Martin Zeiffert, org. nr. 934 359 003","publisher":{"@id":"https:\/\/galtesund.no\/#organization"},"potentialAction":[{"@type":"SearchAction","target":{"@type":"EntryPoint","urlTemplate":"https:\/\/galtesund.no\/?s={search_term_string}"},"query-input":{"@type":"PropertyValueSpecification","valueRequired":true,"valueName":"search_term_string"}}],"inLanguage":"nb-NO"},{"@type":"Organization","@id":"https:\/\/galtesund.no\/#organization","name":"Galtesund forlag","url":"https:\/\/galtesund.no\/","logo":{"@type":"ImageObject","inLanguage":"nb-NO","@id":"https:\/\/galtesund.no\/#\/schema\/logo\/image\/","url":"https:\/\/galtesund.no\/wp-content\/uploads\/2025\/02\/GF-logo-120x220-2-e1740425854377.gif","contentUrl":"https:\/\/galtesund.no\/wp-content\/uploads\/2025\/02\/GF-logo-120x220-2-e1740425854377.gif","width":60,"height":110,"caption":"Galtesund forlag"},"image":{"@id":"https:\/\/galtesund.no\/#\/schema\/logo\/image\/"}}]}},"_links":{"self":[{"href":"https:\/\/galtesund.no\/index.php\/wp-json\/wp\/v2\/pages\/93","targetHints":{"allow":["GET"]}}],"collection":[{"href":"https:\/\/galtesund.no\/index.php\/wp-json\/wp\/v2\/pages"}],"about":[{"href":"https:\/\/galtesund.no\/index.php\/wp-json\/wp\/v2\/types\/page"}],"author":[{"embeddable":true,"href":"https:\/\/galtesund.no\/index.php\/wp-json\/wp\/v2\/users\/2"}],"replies":[{"embeddable":true,"href":"https:\/\/galtesund.no\/index.php\/wp-json\/wp\/v2\/comments?post=93"}],"version-history":[{"count":20,"href":"https:\/\/galtesund.no\/index.php\/wp-json\/wp\/v2\/pages\/93\/revisions"}],"predecessor-version":[{"id":136,"href":"https:\/\/galtesund.no\/index.php\/wp-json\/wp\/v2\/pages\/93\/revisions\/136"}],"wp:attachment":[{"href":"https:\/\/galtesund.no\/index.php\/wp-json\/wp\/v2\/media?parent=93"}],"curies":[{"name":"wp","href":"https:\/\/api.w.org\/{rel}","templated":true}]}}